{"id":4266,"date":"2026-03-20T23:42:12","date_gmt":"2026-03-20T22:42:12","guid":{"rendered":"https:\/\/2ddesignfurniture.be\/product\/tree-porte-manteau-cascando-d0241\/"},"modified":"2026-04-24T16:07:48","modified_gmt":"2026-04-24T15:07:48","slug":"tree-porte-manteau-cascando-d0241","status":"publish","type":"product","link":"https:\/\/2ddesignfurniture.be\/fr\/produit\/tree-porte-manteau-cascando-d0241\/","title":{"rendered":"Tree Porte-manteau"},"content":{"rendered":"<p>Le porte-manteau Tree est construit autour d\u2019une structure verticale simple qui se ramifie en plusieurs points d\u2019accroche. La forme \u00e9voque un arbre abstrait, o\u00f9 la fonction est directement lisible dans le design.<\/p>\n<p>Les diff\u00e9rentes branches offrent un espace pour suspendre manteaux et accessoires et sont r\u00e9parties sur la hauteur de l\u2019objet. Cela permet une r\u00e9partition \u00e9quilibr\u00e9e de l\u2019usage et du poids. La colonne centrale assure la stabilit\u00e9 et constitue l\u2019\u00e9l\u00e9ment porteur.<\/p>\n<p>La forme claire et reconnaissable conf\u00e8re \u00e0 l\u2019objet une pr\u00e9sence graphique dans l\u2019espace, tout en restant fonctionnelle et adapt\u00e9e \u00e0 un usage quotidien. La combinaison de simplicit\u00e9 et de lisibilit\u00e9 permet une int\u00e9gration dans diff\u00e9rents types d\u2019int\u00e9rieurs.<\/p>\n<p>Dans le cadre du design contemporain, le porte-manteau refl\u00e8te une approche o\u00f9 fonction et forme se rejoignent dans un objet clair et direct.<\/p>\n<p>Le porte-manteau est utilis\u00e9 dans les entr\u00e9es, les bureaux et les espaces publics o\u00f9 une solution de suspension autonome et organis\u00e9e est recherch\u00e9e.<\/p>\n","protected":false},"excerpt":{"rendered":"<p>Le porte-manteau Tree est construit autour d\u2019une structure verticale simple qui se ramifie en plusieurs points d\u2019accroche. La forme \u00e9voque un arbre abstrait, o\u00f9 la fonction est directement lisible dans &#8230; <\/p>\n<div><a href=\"https:\/\/2ddesignfurniture.be\/fr\/produit\/tree-porte-manteau-cascando-d0241\/\" class=\"more-link\">Read More<\/a><\/div>\n","protected":false},"featured_media":3683,"template":"","meta":{"_acf_changed":false},"product_brand":[916],"product_cat":[2162,2165],"product_tag":[],"product_design_movements":[2035],"product_designers":[],"class_list":{"0":"post-4266","1":"product","2":"type-product","3":"status-publish","4":"has-post-thumbnail","6":"product_brand-cascando-fr","7":"product_cat-accessoires-fr","8":"product_cat-porte-manteaux","9":"pa_condition-utilisation-normale","10":"product_design_movement-design-contemporain","13":"first","14":"instock","15":"taxable","16":"shipping-taxable","17":"purchasable","18":"product-type-simple"},"acf":[],"yoast_head":"<!-- This site is optimized with the Yoast SEO plugin v27.5 - https:\/\/yoast.com\/product\/yoast-seo-wordpress\/ -->\n<title>Tree Porte-manteau - 2D Circular Designfurniture<\/title>\n<meta name=\"robots\" content=\"index, follow, max-snippet:-1, max-image-preview:large, max-video-preview:-1\" \/>\n<link rel=\"canonical\" href=\"https:\/\/2ddesignfurniture.be\/fr\/produit\/tree-porte-manteau-cascando-d0241\/\" \/>\n<meta property=\"og:locale\" content=\"fr_FR\" \/>\n<meta property=\"og:type\" content=\"article\" \/>\n<meta property=\"og:title\" content=\"Tree Porte-manteau - 2D Circular Designfurniture\" \/>\n<meta property=\"og:description\" content=\"Le porte-manteau Tree est construit autour d\u2019une structure verticale simple qui se ramifie en plusieurs points d\u2019accroche. La forme \u00e9voque un arbre abstrait, o\u00f9 la fonction est directement lisible dans ... Read More\" \/>\n<meta property=\"og:url\" content=\"https:\/\/2ddesignfurniture.be\/fr\/produit\/tree-porte-manteau-cascando-d0241\/\" \/>\n<meta property=\"og:site_name\" content=\"2D Circular Designfurniture\" \/>\n<meta property=\"article:publisher\" content=\"https:\/\/web.facebook.com\/2Ddesignfurniture\/\" \/>\n<meta property=\"article:modified_time\" content=\"2026-04-24T15:07:48+00:00\" \/>\n<meta property=\"og:image\" content=\"https:\/\/2ddesignfurniture.be\/wp-content\/uploads\/D0241-CASCANDO-Tree-Kapstok-H200-Groen-Hout-00.jpg\" \/>\n\t<meta property=\"og:image:width\" content=\"750\" \/>\n\t<meta property=\"og:image:height\" content=\"750\" \/>\n\t<meta property=\"og:image:type\" content=\"image\/jpeg\" \/>\n<meta name=\"twitter:card\" content=\"summary_large_image\" \/>\n<script type=\"application\/ld+json\" class=\"yoast-schema-graph\">{\"@context\":\"https:\\\/\\\/schema.org\",\"@graph\":[{\"@type\":\"WebPage\",\"@id\":\"https:\\\/\\\/2ddesignfurniture.be\\\/fr\\\/produit\\\/tree-porte-manteau-cascando-d0241\\\/\",\"url\":\"https:\\\/\\\/2ddesignfurniture.be\\\/fr\\\/produit\\\/tree-porte-manteau-cascando-d0241\\\/\",\"name\":\"Tree Porte-manteau - 2D Circular Designfurniture\",\"isPartOf\":{\"@id\":\"https:\\\/\\\/2ddesignfurniture.be\\\/fr\\\/#website\"},\"primaryImageOfPage\":{\"@id\":\"https:\\\/\\\/2ddesignfurniture.be\\\/fr\\\/produit\\\/tree-porte-manteau-cascando-d0241\\\/#primaryimage\"},\"image\":{\"@id\":\"https:\\\/\\\/2ddesignfurniture.be\\\/fr\\\/produit\\\/tree-porte-manteau-cascando-d0241\\\/#primaryimage\"},\"thumbnailUrl\":\"https:\\\/\\\/2ddesignfurniture.be\\\/wp-content\\\/uploads\\\/D0241-CASCANDO-Tree-Kapstok-H200-Groen-Hout-00.jpg\",\"datePublished\":\"2026-03-20T22:42:12+00:00\",\"dateModified\":\"2026-04-24T15:07:48+00:00\",\"breadcrumb\":{\"@id\":\"https:\\\/\\\/2ddesignfurniture.be\\\/fr\\\/produit\\\/tree-porte-manteau-cascando-d0241\\\/#breadcrumb\"},\"inLanguage\":\"fr-FR\",\"potentialAction\":[{\"@type\":\"ReadAction\",\"target\":[\"https:\\\/\\\/2ddesignfurniture.be\\\/fr\\\/produit\\\/tree-porte-manteau-cascando-d0241\\\/\"]}]},{\"@type\":\"ImageObject\",\"inLanguage\":\"fr-FR\",\"@id\":\"https:\\\/\\\/2ddesignfurniture.be\\\/fr\\\/produit\\\/tree-porte-manteau-cascando-d0241\\\/#primaryimage\",\"url\":\"https:\\\/\\\/2ddesignfurniture.be\\\/wp-content\\\/uploads\\\/D0241-CASCANDO-Tree-Kapstok-H200-Groen-Hout-00.jpg\",\"contentUrl\":\"https:\\\/\\\/2ddesignfurniture.be\\\/wp-content\\\/uploads\\\/D0241-CASCANDO-Tree-Kapstok-H200-Groen-Hout-00.jpg\",\"width\":750,\"height\":750},{\"@type\":\"BreadcrumbList\",\"@id\":\"https:\\\/\\\/2ddesignfurniture.be\\\/fr\\\/produit\\\/tree-porte-manteau-cascando-d0241\\\/#breadcrumb\",\"itemListElement\":[{\"@type\":\"ListItem\",\"position\":1,\"name\":\"Home\",\"item\":\"https:\\\/\\\/2ddesignfurniture.be\\\/fr\\\/accueil\\\/\"},{\"@type\":\"ListItem\",\"position\":2,\"name\":\"Boutique\",\"item\":\"https:\\\/\\\/2ddesignfurniture.be\\\/nl\\\/shop\\\/\"},{\"@type\":\"ListItem\",\"position\":3,\"name\":\"Tree Porte-manteau\"}]},{\"@type\":\"WebSite\",\"@id\":\"https:\\\/\\\/2ddesignfurniture.be\\\/fr\\\/#website\",\"url\":\"https:\\\/\\\/2ddesignfurniture.be\\\/fr\\\/\",\"name\":\"2D Circular Designfurniture\",\"description\":\"High-end design, given a second life\",\"publisher\":{\"@id\":\"https:\\\/\\\/2ddesignfurniture.be\\\/fr\\\/#organization\"},\"potentialAction\":[{\"@type\":\"SearchAction\",\"target\":{\"@type\":\"EntryPoint\",\"urlTemplate\":\"https:\\\/\\\/2ddesignfurniture.be\\\/fr\\\/?s={search_term_string}\"},\"query-input\":{\"@type\":\"PropertyValueSpecification\",\"valueRequired\":true,\"valueName\":\"search_term_string\"}}],\"inLanguage\":\"fr-FR\"},{\"@type\":\"Organization\",\"@id\":\"https:\\\/\\\/2ddesignfurniture.be\\\/fr\\\/#organization\",\"name\":\"2D Circular Designfurniture\",\"url\":\"https:\\\/\\\/2ddesignfurniture.be\\\/fr\\\/\",\"logo\":{\"@type\":\"ImageObject\",\"inLanguage\":\"fr-FR\",\"@id\":\"https:\\\/\\\/2ddesignfurniture.be\\\/fr\\\/#\\\/schema\\\/logo\\\/image\\\/\",\"url\":\"https:\\\/\\\/2ddesignfurniture.be\\\/wp-content\\\/uploads\\\/2D-Circular-Designfurniture-Logo_Google-Bruin.png\",\"contentUrl\":\"https:\\\/\\\/2ddesignfurniture.be\\\/wp-content\\\/uploads\\\/2D-Circular-Designfurniture-Logo_Google-Bruin.png\",\"width\":1072,\"height\":1073,\"caption\":\"2D Circular Designfurniture\"},\"image\":{\"@id\":\"https:\\\/\\\/2ddesignfurniture.be\\\/fr\\\/#\\\/schema\\\/logo\\\/image\\\/\"},\"sameAs\":[\"https:\\\/\\\/web.facebook.com\\\/2Ddesignfurniture\\\/\",\"https:\\\/\\\/www.instagram.com\\\/2d_designfurniture\"]}]}<\/script>\n<!-- \/ Yoast SEO plugin. -->","yoast_head_json":{"title":"Tree Porte-manteau - 2D Circular Designfurniture","robots":{"index":"index","follow":"follow","max-snippet":"max-snippet:-1","max-image-preview":"max-image-preview:large","max-video-preview":"max-video-preview:-1"},"canonical":"https:\/\/2ddesignfurniture.be\/fr\/produit\/tree-porte-manteau-cascando-d0241\/","og_locale":"fr_FR","og_type":"article","og_title":"Tree Porte-manteau - 2D Circular Designfurniture","og_description":"Le porte-manteau Tree est construit autour d\u2019une structure verticale simple qui se ramifie en plusieurs points d\u2019accroche. La forme \u00e9voque un arbre abstrait, o\u00f9 la fonction est directement lisible dans ... Read More","og_url":"https:\/\/2ddesignfurniture.be\/fr\/produit\/tree-porte-manteau-cascando-d0241\/","og_site_name":"2D Circular Designfurniture","article_publisher":"https:\/\/web.facebook.com\/2Ddesignfurniture\/","article_modified_time":"2026-04-24T15:07:48+00:00","og_image":[{"width":750,"height":750,"url":"https:\/\/2ddesignfurniture.be\/wp-content\/uploads\/D0241-CASCANDO-Tree-Kapstok-H200-Groen-Hout-00.jpg","type":"image\/jpeg"}],"twitter_card":"summary_large_image","schema":{"@context":"https:\/\/schema.org","@graph":[{"@type":"WebPage","@id":"https:\/\/2ddesignfurniture.be\/fr\/produit\/tree-porte-manteau-cascando-d0241\/","url":"https:\/\/2ddesignfurniture.be\/fr\/produit\/tree-porte-manteau-cascando-d0241\/","name":"Tree Porte-manteau - 2D Circular Designfurniture","isPartOf":{"@id":"https:\/\/2ddesignfurniture.be\/fr\/#website"},"primaryImageOfPage":{"@id":"https:\/\/2ddesignfurniture.be\/fr\/produit\/tree-porte-manteau-cascando-d0241\/#primaryimage"},"image":{"@id":"https:\/\/2ddesignfurniture.be\/fr\/produit\/tree-porte-manteau-cascando-d0241\/#primaryimage"},"thumbnailUrl":"https:\/\/2ddesignfurniture.be\/wp-content\/uploads\/D0241-CASCANDO-Tree-Kapstok-H200-Groen-Hout-00.jpg","datePublished":"2026-03-20T22:42:12+00:00","dateModified":"2026-04-24T15:07:48+00:00","breadcrumb":{"@id":"https:\/\/2ddesignfurniture.be\/fr\/produit\/tree-porte-manteau-cascando-d0241\/#breadcrumb"},"inLanguage":"fr-FR","potentialAction":[{"@type":"ReadAction","target":["https:\/\/2ddesignfurniture.be\/fr\/produit\/tree-porte-manteau-cascando-d0241\/"]}]},{"@type":"ImageObject","inLanguage":"fr-FR","@id":"https:\/\/2ddesignfurniture.be\/fr\/produit\/tree-porte-manteau-cascando-d0241\/#primaryimage","url":"https:\/\/2ddesignfurniture.be\/wp-content\/uploads\/D0241-CASCANDO-Tree-Kapstok-H200-Groen-Hout-00.jpg","contentUrl":"https:\/\/2ddesignfurniture.be\/wp-content\/uploads\/D0241-CASCANDO-Tree-Kapstok-H200-Groen-Hout-00.jpg","width":750,"height":750},{"@type":"BreadcrumbList","@id":"https:\/\/2ddesignfurniture.be\/fr\/produit\/tree-porte-manteau-cascando-d0241\/#breadcrumb","itemListElement":[{"@type":"ListItem","position":1,"name":"Home","item":"https:\/\/2ddesignfurniture.be\/fr\/accueil\/"},{"@type":"ListItem","position":2,"name":"Boutique","item":"https:\/\/2ddesignfurniture.be\/nl\/shop\/"},{"@type":"ListItem","position":3,"name":"Tree Porte-manteau"}]},{"@type":"WebSite","@id":"https:\/\/2ddesignfurniture.be\/fr\/#website","url":"https:\/\/2ddesignfurniture.be\/fr\/","name":"2D Circular Designfurniture","description":"High-end design, given a second life","publisher":{"@id":"https:\/\/2ddesignfurniture.be\/fr\/#organization"},"potentialAction":[{"@type":"SearchAction","target":{"@type":"EntryPoint","urlTemplate":"https:\/\/2ddesignfurniture.be\/fr\/?s={search_term_string}"},"query-input":{"@type":"PropertyValueSpecification","valueRequired":true,"valueName":"search_term_string"}}],"inLanguage":"fr-FR"},{"@type":"Organization","@id":"https:\/\/2ddesignfurniture.be\/fr\/#organization","name":"2D Circular Designfurniture","url":"https:\/\/2ddesignfurniture.be\/fr\/","logo":{"@type":"ImageObject","inLanguage":"fr-FR","@id":"https:\/\/2ddesignfurniture.be\/fr\/#\/schema\/logo\/image\/","url":"https:\/\/2ddesignfurniture.be\/wp-content\/uploads\/2D-Circular-Designfurniture-Logo_Google-Bruin.png","contentUrl":"https:\/\/2ddesignfurniture.be\/wp-content\/uploads\/2D-Circular-Designfurniture-Logo_Google-Bruin.png","width":1072,"height":1073,"caption":"2D Circular Designfurniture"},"image":{"@id":"https:\/\/2ddesignfurniture.be\/fr\/#\/schema\/logo\/image\/"},"sameAs":["https:\/\/web.facebook.com\/2Ddesignfurniture\/","https:\/\/www.instagram.com\/2d_designfurniture"]}]}},"_links":{"self":[{"href":"https:\/\/2ddesignfurniture.be\/fr\/wp-json\/wp\/v2\/product\/4266","targetHints":{"allow":["GET"]}}],"collection":[{"href":"https:\/\/2ddesignfurniture.be\/fr\/wp-json\/wp\/v2\/product"}],"about":[{"href":"https:\/\/2ddesignfurniture.be\/fr\/wp-json\/wp\/v2\/types\/product"}],"wp:featuredmedia":[{"embeddable":true,"href":"https:\/\/2ddesignfurniture.be\/fr\/wp-json\/wp\/v2\/media\/3683"}],"wp:attachment":[{"href":"https:\/\/2ddesignfurniture.be\/fr\/wp-json\/wp\/v2\/media?parent=4266"}],"wp:term":[{"taxonomy":"product_brand","embeddable":true,"href":"https:\/\/2ddesignfurniture.be\/fr\/wp-json\/wp\/v2\/product_brand?post=4266"},{"taxonomy":"product_cat","embeddable":true,"href":"https:\/\/2ddesignfurniture.be\/fr\/wp-json\/wp\/v2\/product_cat?post=4266"},{"taxonomy":"product_tag","embeddable":true,"href":"https:\/\/2ddesignfurniture.be\/fr\/wp-json\/wp\/v2\/product_tag?post=4266"},{"taxonomy":"product_design_movement","embeddable":true,"href":"https:\/\/2ddesignfurniture.be\/fr\/wp-json\/wp\/v2\/product_design_movements?post=4266"},{"taxonomy":"product_designer","embeddable":true,"href":"https:\/\/2ddesignfurniture.be\/fr\/wp-json\/wp\/v2\/product_designers?post=4266"}],"curies":[{"name":"wp","href":"https:\/\/api.w.org\/{rel}","templated":true}]}}